{"id":6647,"date":"2023-06-30T22:35:28","date_gmt":"2023-06-30T20:35:28","guid":{"rendered":"http:\/\/premiereligne.pro\/?page_id=6647"},"modified":"2023-08-02T12:56:15","modified_gmt":"2023-08-02T10:56:15","slug":"qui-sommes-nous","status":"publish","type":"page","link":"https:\/\/premiereligne.pro\/?page_id=6647","title":{"rendered":"QUI SOMMES-NOUS ?"},"content":{"rendered":"\t\t<div data-elementor-type=\"wp-page\" data-elementor-id=\"6647\" class=\"elementor elementor-6647\">\n\t\t\t\t\t\t\t\t\t<section class=\"elementor-section elementor-top-section elementor-element elementor-element-6a4e5bb elementor-section-boxed elementor-section-height-default elementor-section-height-default\" data-id=\"6a4e5bb\" data-element_type=\"section\">\n\t\t\t\t\t\t<div class=\"elementor-container elementor-column-gap-default\">\n\t\t\t\t\t<div class=\"elementor-column elementor-col-100 elementor-top-column elementor-element elementor-element-d3a4d19\" data-id=\"d3a4d19\" data-element_type=\"column\">\n\t\t\t<div class=\"elementor-widget-wrap elementor-element-populated\">\n\t\t\t\t\t\t\t\t<section class=\"elementor-section elementor-inner-section elementor-element elementor-element-73ff109 elementor-section-boxed elementor-section-height-default elementor-section-height-default\" data-id=\"73ff109\" data-element_type=\"section\">\n\t\t\t\t\t\t<div class=\"elementor-container elementor-column-gap-default\">\n\t\t\t\t\t<div class=\"elementor-column elementor-col-50 elementor-inner-column elementor-element elementor-element-d2e13f4\" data-id=\"d2e13f4\" data-element_type=\"column\">\n\t\t\t<div class=\"elementor-widget-wrap elementor-element-populated\">\n\t\t\t\t\t\t\t\t<div class=\"elementor-element elementor-element-e77c080 elementor-hidden-desktop elementor-hidden-tablet elementor-invisible elementor-widget elementor-widget-creote-image-box-v1\" data-id=\"e77c080\" data-element_type=\"widget\" data-settings=\"{&quot;_animation&quot;:&quot;fadeInUp&quot;}\" data-widget_type=\"creote-image-box-v1.default\">\n\t\t\t\t<div class=\"elementor-widget-container\">\n\t\t\t<div class=\"image_boxes style_three \" >\r\n      <img decoding=\"async\" src=\"http:\/\/premiereligne.pro\/wp-content\/uploads\/2023\/07\/we-dont-take-time-granted-shot-delivery-man-standing-by-his-van.jpg\" class=\"background_image\" alt=\"image\" \/>\r\n      <\/div>\r\n \r\n\t\t<\/div>\n\t\t\t\t<\/div>\n\t\t\t\t<div class=\"elementor-element elementor-element-f19dc5f elementor-hidden-mobile elementor-invisible elementor-widget elementor-widget-creote-image-box-v1\" data-id=\"f19dc5f\" data-element_type=\"widget\" data-settings=\"{&quot;_animation&quot;:&quot;fadeInUp&quot;}\" data-widget_type=\"creote-image-box-v1.default\">\n\t\t\t\t<div class=\"elementor-widget-container\">\n\t\t\t   <div class=\"image_boxes style_one\" >\r\n      <div class=\"image one\">\r\n      <img decoding=\"async\" src=\"http:\/\/premiereligne.pro\/wp-content\/uploads\/2023\/07\/we-dont-take-time-granted-shot-delivery-man-standing-by-his-van.jpg\" class=\"img\" alt=\"image\" \/>\r\n   <\/div>\r\n         <div class=\"image two\">\r\n      <img decoding=\"async\" src=\"http:\/\/premiereligne.pro\/wp-content\/uploads\/2023\/07\/2.jpg\" class=\"img\" alt=\"image\" \/>\r\n         <\/div>\r\n         <div class=\"year_of_experience\">\r\n      <div class=\"year\">\r\n         +      <\/div>\r\n      <div class=\"content\">\r\n         <h2>   Plusieurs ann\u00e9es d\u2019exp\u00e9riences et de savoir-faire<\/h2>\r\n         <span class=\"icon-thumbs-up\"><\/span>\r\n      <\/div>\r\n   <\/div>\r\n   <\/div>\r\n \r\n\t\t<\/div>\n\t\t\t\t<\/div>\n\t\t\t\t\t<\/div>\n\t\t<\/div>\n\t\t\t\t<div class=\"elementor-column elementor-col-50 elementor-inner-column elementor-element elementor-element-968c63a\" data-id=\"968c63a\" data-element_type=\"column\">\n\t\t\t<div class=\"elementor-widget-wrap elementor-element-populated\">\n\t\t\t\t\t\t\t\t<div class=\"elementor-element elementor-element-f636c80 elementor-invisible elementor-widget elementor-widget-creote-title-v1\" data-id=\"f636c80\" data-element_type=\"widget\" data-settings=\"{&quot;_animation&quot;:&quot;fadeInUp&quot;}\" data-widget_type=\"creote-title-v1.default\">\n\t\t\t\t<div class=\"elementor-widget-container\">\n\t\t\t<div class=\"title_all_box style_one  dark_color\">\r\n       <div class=\"title_sections left\">\r\n            <div class=\"before_title\">\r\n         PREMIERE LIGNE      <\/div>\r\n                                  <div class=\"title\">  QUI SOMMES NOUS ?<\/div>\r\n                            <p>  Nous sommes une jeune \u00e9quipe reconnue et qualifi\u00e9e dans le secteur du transport de marchandises FRANCE\/EUROPE, \n<br>\nNous vous offrons nos services de d\u00e9m\u00e9nagements toutes distances \u00e0 la carte \n\nNous vous apportons une r\u00e9ponse \u00e0 votre demande de devis sous 24H \n<br>\nNous sommes une \u00e9quipe dynamique et exp\u00e9riment\u00e9e \n<br>\nUne flotte d\u2019utilitaires neufs Iveco 20m3 Hayon<br>\nUne assurance tous risques pour vos effets pr\u00e9cieux.  \n<\/p>\r\n         <\/div>\r\n               \r\n<\/div>\r\n\t\t<\/div>\n\t\t\t\t<\/div>\n\t\t\t\t<div class=\"elementor-element elementor-element-37918a2 elementor-invisible elementor-widget elementor-widget-creote-title-v1\" data-id=\"37918a2\" data-element_type=\"widget\" data-settings=\"{&quot;_animation&quot;:&quot;fadeInUp&quot;}\" data-widget_type=\"creote-title-v1.default\">\n\t\t\t\t<div class=\"elementor-widget-container\">\n\t\t\t<div class=\"title_all_box style_one  dark_color\">\r\n       <div class=\"title_sections left\">\r\n            <div class=\"before_title\">\r\n         Nos Services      <\/div>\r\n                        <p>  \u2022\tD\u00e9m\u00e9nagements particuliers\/entreprises toutes distances\n<br>\n\u2022\tLocations v\u00e9hicules -3,5 tonnes avec chauffeurs <br>\n\n\u2022\tAchats en magasins et livraisons chez vous \u00e0 votre convenance <br>\n \n\u2022\tProtections et stockages dans votre cave \n(Gardes meubles optionnel selon demande) <br>\n\n\u2022\tTransports toutes distances National\/International<br>\n\n\u2022\tGroupages maritime\/a\u00e9rien vers l\u2019Afrique\n\n<br><br>\nPONTUALIT\u00c9 \u2013 TRAVAIL SOIGN\u00c9 \u2013 SATISFACTION \n\n<br><br>\nNous sommes \u00e0 votre \u00e9coute Faites-nous confiance. \n<\/p>\r\n         <\/div>\r\n               \r\n<\/div>\r\n\t\t<\/div>\n\t\t\t\t<\/div>\n\t\t\t\t\t<\/div>\n\t\t<\/div>\n\t\t\t\t\t\t\t<\/div>\n\t\t<\/section>\n\t\t\t\t\t<\/div>\n\t\t<\/div>\n\t\t\t\t\t\t\t<\/div>\n\t\t<\/section>\n\t\t\t\t\t\t\t<\/div>\n\t\t","protected":false},"excerpt":{"rendered":"<p>+ Plusieurs ann\u00e9es d\u2019exp\u00e9riences et de savoir-faire PREMIERE LIGNE QUI SOMMES NOUS ? Nous sommes une jeune \u00e9quipe reconnue et qualifi\u00e9e dans le secteur du transport de marchandises FRANCE\/EUROPE, Nous vous offrons nos services de d\u00e9m\u00e9nagements toutes distances \u00e0 la carte Nous vous apportons une r\u00e9ponse \u00e0 votre demande de devis sous 24H Nous sommes [&hellip;]<\/p>\n","protected":false},"author":1,"featured_media":0,"parent":0,"menu_order":0,"comment_status":"closed","ping_status":"closed","template":"elementor_header_footer","meta":{"content-type":"","footnotes":""},"class_list":["post-6647","page","type-page","status-publish","hentry"],"_links":{"self":[{"href":"https:\/\/premiereligne.pro\/index.php?rest_route=\/wp\/v2\/pages\/6647","targetHints":{"allow":["GET"]}}],"collection":[{"href":"https:\/\/premiereligne.pro\/index.php?rest_route=\/wp\/v2\/pages"}],"about":[{"href":"https:\/\/premiereligne.pro\/index.php?rest_route=\/wp\/v2\/types\/page"}],"author":[{"embeddable":true,"href":"https:\/\/premiereligne.pro\/index.php?rest_route=\/wp\/v2\/users\/1"}],"replies":[{"embeddable":true,"href":"https:\/\/premiereligne.pro\/index.php?rest_route=%2Fwp%2Fv2%2Fcomments&post=6647"}],"version-history":[{"count":37,"href":"https:\/\/premiereligne.pro\/index.php?rest_route=\/wp\/v2\/pages\/6647\/revisions"}],"predecessor-version":[{"id":7007,"href":"https:\/\/premiereligne.pro\/index.php?rest_route=\/wp\/v2\/pages\/6647\/revisions\/7007"}],"wp:attachment":[{"href":"https:\/\/premiereligne.pro\/index.php?rest_route=%2Fwp%2Fv2%2Fmedia&parent=6647"}],"curies":[{"name":"wp","href":"https:\/\/api.w.org\/{rel}","templated":true}]}}