{"id":6657,"date":"2023-06-30T23:04:16","date_gmt":"2023-06-30T21:04:16","guid":{"rendered":"https:\/\/premiereligne.pro\/?page_id=6657"},"modified":"2023-08-02T20:43:43","modified_gmt":"2023-08-02T18:43:43","slug":"nos-services","status":"publish","type":"page","link":"https:\/\/premiereligne.pro\/?page_id=6657","title":{"rendered":"NOS SERVICES"},"content":{"rendered":"\t\t<div data-elementor-type=\"wp-page\" data-elementor-id=\"6657\" class=\"elementor elementor-6657\">\n\t\t\t\t\t\t\t\t\t<section class=\"elementor-section elementor-top-section elementor-element elementor-element-967a78a elementor-section-boxed elementor-section-height-default elementor-section-height-default\" data-id=\"967a78a\" data-element_type=\"section\">\n\t\t\t\t\t\t<div class=\"elementor-container elementor-column-gap-default\">\n\t\t\t\t\t<div class=\"elementor-column elementor-col-100 elementor-top-column elementor-element elementor-element-6b882cc\" data-id=\"6b882cc\" data-element_type=\"column\">\n\t\t\t<div class=\"elementor-widget-wrap elementor-element-populated\">\n\t\t\t\t\t\t\t\t<section class=\"elementor-section elementor-inner-section elementor-element elementor-element-7daafa3 elementor-section-boxed elementor-section-height-default elementor-section-height-default\" data-id=\"7daafa3\" data-element_type=\"section\">\n\t\t\t\t\t\t<div class=\"elementor-container elementor-column-gap-default\">\n\t\t\t\t\t<div class=\"elementor-column elementor-col-50 elementor-inner-column elementor-element elementor-element-e457932\" data-id=\"e457932\" data-element_type=\"column\">\n\t\t\t<div class=\"elementor-widget-wrap elementor-element-populated\">\n\t\t\t\t\t\t\t\t<div class=\"elementor-element elementor-element-72efb86 elementor-position-top elementor-vertical-align-top elementor-widget elementor-widget-image-box\" data-id=\"72efb86\" data-element_type=\"widget\" data-widget_type=\"image-box.default\">\n\t\t\t\t<div class=\"elementor-widget-container\">\n\t\t\t<style>\/*! elementor - v3.14.0 - 26-06-2023 *\/\n.elementor-widget-image-box .elementor-image-box-content{width:100%}@media (min-width:768px){.elementor-widget-image-box.elementor-position-left .elementor-image-box-wrapper,.elementor-widget-image-box.elementor-position-right .elementor-image-box-wrapper{display:flex}.elementor-widget-image-box.elementor-position-right .elementor-image-box-wrapper{text-align:right;flex-direction:row-reverse}.elementor-widget-image-box.elementor-position-left .elementor-image-box-wrapper{text-align:left;flex-direction:row}.elementor-widget-image-box.elementor-position-top .elementor-image-box-img{margin:auto}.elementor-widget-image-box.elementor-vertical-align-top .elementor-image-box-wrapper{align-items:flex-start}.elementor-widget-image-box.elementor-vertical-align-middle .elementor-image-box-wrapper{align-items:center}.elementor-widget-image-box.elementor-vertical-align-bottom .elementor-image-box-wrapper{align-items:flex-end}}@media (max-width:767px){.elementor-widget-image-box .elementor-image-box-img{margin-left:auto!important;margin-right:auto!important;margin-bottom:15px}}.elementor-widget-image-box .elementor-image-box-img{display:inline-block}.elementor-widget-image-box .elementor-image-box-title a{color:inherit}.elementor-widget-image-box .elementor-image-box-wrapper{text-align:center}.elementor-widget-image-box .elementor-image-box-description{margin:0}<\/style><div class=\"elementor-image-box-wrapper\"><figure class=\"elementor-image-box-img\"><img decoding=\"async\" src=\"https:\/\/premiereligne.pro\/wp-content\/uploads\/2023\/08\/paquet.jpg\" title=\"paquet\" alt=\"paquet\" loading=\"lazy\" \/><\/figure><div class=\"elementor-image-box-content\"><h3 class=\"elementor-image-box-title\">D\u00c9M\u00c9NAGEMENTS PROFESSIONNELS & PARTICULIERS<\/h3><p class=\"elementor-image-box-description\">D\u00e9m\u00e9nagez \u00e0 moindre frais avec nos solutions pour particulier.\n<br>\n<br>\nNous vous accompagnons pour d\u00e9m\u00e9nager en toute s\u00e9r\u00e9nit\u00e9 jusqu\u2019\u00e0 votre nouvelle maison.\n<br><\/p><\/div><\/div>\t\t<\/div>\n\t\t\t\t<\/div>\n\t\t\t\t<div class=\"elementor-element elementor-element-10611bb elementor-widget elementor-widget-creote-themebtns-v1\" data-id=\"10611bb\" data-element_type=\"widget\" data-widget_type=\"creote-themebtns-v1.default\">\n\t\t\t\t<div class=\"elementor-widget-container\">\n\t\t\t<div class=\"theme_btn_all color_one\">\r\n       <a href=\"https:\/\/premiereligne.pro\/?page_id=6761\"   target=&quot;_blank&quot;  rel=&quot;nofollow&quot; class=\"theme-btn one\">\r\n   DEVIS   <\/a>\r\n   <\/div>\r\n\t\t<\/div>\n\t\t\t\t<\/div>\n\t\t\t\t\t<\/div>\n\t\t<\/div>\n\t\t\t\t<div class=\"elementor-column elementor-col-50 elementor-inner-column elementor-element elementor-element-23f1696\" data-id=\"23f1696\" data-element_type=\"column\">\n\t\t\t<div class=\"elementor-widget-wrap elementor-element-populated\">\n\t\t\t\t\t\t\t\t<div class=\"elementor-element elementor-element-dfe13a4 elementor-position-top elementor-vertical-align-top elementor-widget elementor-widget-image-box\" data-id=\"dfe13a4\" data-element_type=\"widget\" data-widget_type=\"image-box.default\">\n\t\t\t\t<div class=\"elementor-widget-container\">\n\t\t\t<div class=\"elementor-image-box-wrapper\"><figure class=\"elementor-image-box-img\"><img decoding=\"async\" src=\"https:\/\/premiereligne.pro\/wp-content\/uploads\/2023\/08\/carton.jpg\" title=\"carton\" alt=\"carton\" loading=\"lazy\" \/><\/figure><div class=\"elementor-image-box-content\"><h3 class=\"elementor-image-box-title\">TRANSPORTS & LOGISTIQUES<\/h3><p class=\"elementor-image-box-description\">Notre r\u00e9seau ayant une couverture europ\u00e9enne, \nnous sommes en mesure de vous proposer une solution plus \u00e9conomique pour vos transports et livraison.<br><br><\/p><\/div><\/div>\t\t<\/div>\n\t\t\t\t<\/div>\n\t\t\t\t<div class=\"elementor-element elementor-element-438eef0 elementor-widget elementor-widget-creote-themebtns-v1\" data-id=\"438eef0\" data-element_type=\"widget\" data-widget_type=\"creote-themebtns-v1.default\">\n\t\t\t\t<div class=\"elementor-widget-container\">\n\t\t\t<div class=\"theme_btn_all color_one\">\r\n       <a href=\"https:\/\/premiereligne.pro\/?page_id=6761\"   target=&quot;_blank&quot;  rel=&quot;nofollow&quot; class=\"theme-btn one\">\r\n   DEVIS   <\/a>\r\n   <\/div>\r\n\t\t<\/div>\n\t\t\t\t<\/div>\n\t\t\t\t\t<\/div>\n\t\t<\/div>\n\t\t\t\t\t\t\t<\/div>\n\t\t<\/section>\n\t\t\t\t<section class=\"elementor-section elementor-inner-section elementor-element elementor-element-d4947c2 elementor-section-boxed elementor-section-height-default elementor-section-height-default\" data-id=\"d4947c2\" data-element_type=\"section\">\n\t\t\t\t\t\t<div class=\"elementor-container elementor-column-gap-default\">\n\t\t\t\t\t<div class=\"elementor-column elementor-col-50 elementor-inner-column elementor-element elementor-element-339b404\" data-id=\"339b404\" data-element_type=\"column\">\n\t\t\t<div class=\"elementor-widget-wrap elementor-element-populated\">\n\t\t\t\t\t\t\t\t<div class=\"elementor-element elementor-element-55f2b31 elementor-position-top elementor-vertical-align-top elementor-widget elementor-widget-image-box\" data-id=\"55f2b31\" data-element_type=\"widget\" data-widget_type=\"image-box.default\">\n\t\t\t\t<div class=\"elementor-widget-container\">\n\t\t\t<div class=\"elementor-image-box-wrapper\"><figure class=\"elementor-image-box-img\"><img decoding=\"async\" src=\"https:\/\/premiereligne.pro\/wp-content\/uploads\/2023\/07\/front-view-delivery-man-with-packagaes.jpg\" title=\"front-view-delivery-man-with-packagaes\" alt=\"front-view-delivery-man-with-packagaes\" loading=\"lazy\" \/><\/figure><div class=\"elementor-image-box-content\"><h3 class=\"elementor-image-box-title\">TRANSFERT D'ENTREPRISES<\/h3><p class=\"elementor-image-box-description\">Le transfert d\u2019entreprise est un cas particulier, il n\u00e9cessite une pr\u00e9paration minutieuse \u00e0 l\u2019avance. Nos d\u00e9m\u00e9nageurs professionnels connaissent parfaitement les techniques du m\u00e9tier.\n\nNous \u00e9tudions ensemble  votre projet et nous vous apportons des solutions adapt\u00e9es selon votre budget.<\/p><\/div><\/div>\t\t<\/div>\n\t\t\t\t<\/div>\n\t\t\t\t<div class=\"elementor-element elementor-element-ff0b951 elementor-widget elementor-widget-creote-themebtns-v1\" data-id=\"ff0b951\" data-element_type=\"widget\" data-widget_type=\"creote-themebtns-v1.default\">\n\t\t\t\t<div class=\"elementor-widget-container\">\n\t\t\t<div class=\"theme_btn_all color_one\">\r\n       <a href=\"https:\/\/premiereligne.pro\/?page_id=6761\"   target=&quot;_blank&quot;  rel=&quot;nofollow&quot; class=\"theme-btn one\">\r\n   DEVIS   <\/a>\r\n   <\/div>\r\n\t\t<\/div>\n\t\t\t\t<\/div>\n\t\t\t\t\t<\/div>\n\t\t<\/div>\n\t\t\t\t<div class=\"elementor-column elementor-col-50 elementor-inner-column elementor-element elementor-element-017c56c\" data-id=\"017c56c\" data-element_type=\"column\">\n\t\t\t<div class=\"elementor-widget-wrap elementor-element-populated\">\n\t\t\t\t\t\t\t\t<div class=\"elementor-element elementor-element-6e1d70d elementor-position-top elementor-vertical-align-top elementor-invisible elementor-widget elementor-widget-image-box\" data-id=\"6e1d70d\" data-element_type=\"widget\" data-settings=\"{&quot;_animation&quot;:&quot;fadeInUp&quot;}\" data-widget_type=\"image-box.default\">\n\t\t\t\t<div class=\"elementor-widget-container\">\n\t\t\t<div class=\"elementor-image-box-wrapper\"><figure class=\"elementor-image-box-img\"><img decoding=\"async\" src=\"https:\/\/premiereligne.pro\/wp-content\/uploads\/2023\/07\/close-up-delivery-person-with-parcels-1.jpg\" title=\"close-up-delivery-person-with-parcels\" alt=\"close-up-delivery-person-with-parcels\" loading=\"lazy\" \/><\/figure><div class=\"elementor-image-box-content\"><h3 class=\"elementor-image-box-title\">AUTRES SERVICES<\/h3><\/div><\/div>\t\t<\/div>\n\t\t\t\t<\/div>\n\t\t\t\t<div class=\"elementor-element elementor-element-4a29bcb elementor-invisible elementor-widget elementor-widget-creote-list-items-v1\" data-id=\"4a29bcb\" data-element_type=\"widget\" data-settings=\"{&quot;_animation&quot;:&quot;fadeInUp&quot;}\" data-widget_type=\"creote-list-items-v1.default\">\n\t\t\t\t<div class=\"elementor-widget-container\">\n\t\t\t \r\n           <div class=\"list_item_box style_two style_linline\">\r\n    <ul class=\"list-inline\">\r\n                <li class=\"list_items\">\r\n            <small class='d-flex align-items-center'>\r\n                                                <span class=\"icon_bx\">\r\n                    <i class=\" icon-checked\"><\/i>\r\n                <\/span>\r\n                                                <a class=\"nav_link\" href=\"#\"\r\n                     target=&quot;_blank&quot;  rel=&quot;nofollow&quot;>\r\n                    D\u00e9m\u00e9nagements particuliers\/entreprises toutes distances                <\/a>\r\n            <\/small>\r\n        <\/li>\r\n                <li class=\"list_items\">\r\n            <small class='d-flex align-items-center'>\r\n                                                <span class=\"icon_bx\">\r\n                    <i class=\" icon-checked\"><\/i>\r\n                <\/span>\r\n                                                <a class=\"nav_link\" href=\"#\"\r\n                     target=&quot;_blank&quot;  rel=&quot;nofollow&quot;>\r\n                    Locations v\u00e9hicules -3,5 tonnes avec chauffeurs                <\/a>\r\n            <\/small>\r\n        <\/li>\r\n                <li class=\"list_items\">\r\n            <small class='d-flex align-items-center'>\r\n                                                <span class=\"icon_bx\">\r\n                    <i class=\" icon-checked\"><\/i>\r\n                <\/span>\r\n                                                <a class=\"nav_link\" href=\"#\"\r\n                     target=&quot;_blank&quot;  rel=&quot;nofollow&quot;>\r\n                    Achats en magasins et livraisons chez vous \u00e0 votre convenance                <\/a>\r\n            <\/small>\r\n        <\/li>\r\n                <li class=\"list_items\">\r\n            <small class='d-flex align-items-center'>\r\n                                                <span class=\"icon_bx\">\r\n                    <i class=\" icon-checked\"><\/i>\r\n                <\/span>\r\n                                                <a class=\"nav_link\" href=\"#\"\r\n                     target=&quot;_blank&quot;  rel=&quot;nofollow&quot;>\r\n                    Protections et stockages dans votre cave \n(Gardes meubles optionnel selon demande) \n\n                <\/a>\r\n            <\/small>\r\n        <\/li>\r\n                <li class=\"list_items\">\r\n            <small class='d-flex align-items-center'>\r\n                                                <span class=\"icon_bx\">\r\n                    <i class=\" icon-checked\"><\/i>\r\n                <\/span>\r\n                                                <a class=\"nav_link\" href=\"#\"\r\n                     target=&quot;_blank&quot;  rel=&quot;nofollow&quot;>\r\n                    Transports toutes distances National\/International                <\/a>\r\n            <\/small>\r\n        <\/li>\r\n                <li class=\"list_items\">\r\n            <small class='d-flex align-items-center'>\r\n                                                <span class=\"icon_bx\">\r\n                    <i class=\" icon-checked\"><\/i>\r\n                <\/span>\r\n                                                <a class=\"nav_link\" href=\"#\"\r\n                     target=&quot;_blank&quot;  rel=&quot;nofollow&quot;>\r\n                    Groupages maritime\/a\u00e9rien vers l\u2019Afrique                <\/a>\r\n            <\/small>\r\n        <\/li>\r\n            <\/ul>\r\n<\/div>\r\n\t\t<\/div>\n\t\t\t\t<\/div>\n\t\t\t\t<div class=\"elementor-element elementor-element-56629db elementor-widget elementor-widget-creote-themebtns-v1\" data-id=\"56629db\" data-element_type=\"widget\" data-widget_type=\"creote-themebtns-v1.default\">\n\t\t\t\t<div class=\"elementor-widget-container\">\n\t\t\t<div class=\"theme_btn_all color_one\">\r\n       <a href=\"https:\/\/premiereligne.pro\/?page_id=6761\"   target=&quot;_blank&quot;  rel=&quot;nofollow&quot; class=\"theme-btn one\">\r\n   DEVIS   <\/a>\r\n   <\/div>\r\n\t\t<\/div>\n\t\t\t\t<\/div>\n\t\t\t\t\t<\/div>\n\t\t<\/div>\n\t\t\t\t\t\t\t<\/div>\n\t\t<\/section>\n\t\t\t\t\t<\/div>\n\t\t<\/div>\n\t\t\t\t\t\t\t<\/div>\n\t\t<\/section>\n\t\t\t\t\t\t\t<\/div>\n\t\t","protected":false},"excerpt":{"rendered":"<p>D\u00c9M\u00c9NAGEMENTS PROFESSIONNELS &#038; PARTICULIERS D\u00e9m\u00e9nagez \u00e0 moindre frais avec nos solutions pour particulier. Nous vous accompagnons pour d\u00e9m\u00e9nager en toute s\u00e9r\u00e9nit\u00e9 jusqu\u2019\u00e0 votre nouvelle maison. DEVIS TRANSPORTS &#038; LOGISTIQUES Notre r\u00e9seau ayant une couverture europ\u00e9enne, nous sommes en mesure de vous proposer une solution plus \u00e9conomique pour vos transports et livraison. DEVIS TRANSFERT D&#8217;ENTREPRISES Le [&hellip;]<\/p>\n","protected":false},"author":1,"featured_media":0,"parent":0,"menu_order":0,"comment_status":"closed","ping_status":"closed","template":"elementor_header_footer","meta":{"content-type":"","footnotes":""},"class_list":["post-6657","page","type-page","status-publish","hentry"],"_links":{"self":[{"href":"https:\/\/premiereligne.pro\/index.php?rest_route=\/wp\/v2\/pages\/6657","targetHints":{"allow":["GET"]}}],"collection":[{"href":"https:\/\/premiereligne.pro\/index.php?rest_route=\/wp\/v2\/pages"}],"about":[{"href":"https:\/\/premiereligne.pro\/index.php?rest_route=\/wp\/v2\/types\/page"}],"author":[{"embeddable":true,"href":"https:\/\/premiereligne.pro\/index.php?rest_route=\/wp\/v2\/users\/1"}],"replies":[{"embeddable":true,"href":"https:\/\/premiereligne.pro\/index.php?rest_route=%2Fwp%2Fv2%2Fcomments&post=6657"}],"version-history":[{"count":43,"href":"https:\/\/premiereligne.pro\/index.php?rest_route=\/wp\/v2\/pages\/6657\/revisions"}],"predecessor-version":[{"id":7030,"href":"https:\/\/premiereligne.pro\/index.php?rest_route=\/wp\/v2\/pages\/6657\/revisions\/7030"}],"wp:attachment":[{"href":"https:\/\/premiereligne.pro\/index.php?rest_route=%2Fwp%2Fv2%2Fmedia&parent=6657"}],"curies":[{"name":"wp","href":"https:\/\/api.w.org\/{rel}","templated":true}]}}